{"id":224,"date":"2024-08-03T19:25:16","date_gmt":"2024-08-03T19:25:16","guid":{"rendered":"https:\/\/201.73c.mytemp.website\/?page_id=224"},"modified":"2024-08-05T00:44:30","modified_gmt":"2024-08-05T00:44:30","slug":"disaster-relief","status":"publish","type":"page","link":"https:\/\/hsurvie.org\/en\/disaster-relief\/","title":{"rendered":"Disaster relief"},"content":{"rendered":"\t\t<div data-elementor-type=\"wp-page\" data-elementor-id=\"224\" class=\"elementor elementor-224\">\n\t\t\t\t\t\t<section class=\"elementor-section elementor-top-section elementor-element elementor-element-5a680d70 elementor-section-boxed elementor-section-height-default elementor-section-height-default\" data-id=\"5a680d70\" data-element_type=\"section\" data-e-type=\"section\" data-settings=\"{&quot;background_background&quot;:&quot;slideshow&quot;,&quot;background_slideshow_gallery&quot;:[{&quot;id&quot;:154,&quot;url&quot;:&quot;http:\\\/\\\/hsurvie.org\\\/wp-content\\\/uploads\\\/2024\\\/07\\\/DSC05692-620x264-1.jpg&quot;},{&quot;id&quot;:155,&quot;url&quot;:&quot;http:\\\/\\\/hsurvie.org\\\/wp-content\\\/uploads\\\/2024\\\/07\\\/livelihood_projectphase_II_image_1.png&quot;},{&quot;id&quot;:156,&quot;url&quot;:&quot;http:\\\/\\\/hsurvie.org\\\/wp-content\\\/uploads\\\/2024\\\/07\\\/livelihood_projectphase_II_image_2.png&quot;}],&quot;background_slideshow_loop&quot;:&quot;yes&quot;,&quot;background_slideshow_slide_duration&quot;:5000,&quot;background_slideshow_slide_transition&quot;:&quot;fade&quot;,&quot;background_slideshow_transition_duration&quot;:500}\">\n\t\t\t\t\t\t\t<div class=\"elementor-background-overlay\"><\/div>\n\t\t\t\t\t\t\t<div class=\"elementor-container elementor-column-gap-default\">\n\t\t\t\t\t<div class=\"elementor-column elementor-col-100 elementor-top-column elementor-element elementor-element-48cb6896\" data-id=\"48cb6896\" data-element_type=\"column\" data-e-type=\"column\">\n\t\t\t<div class=\"elementor-widget-wrap elementor-element-populated\">\n\t\t\t\t\t\t<div class=\"elementor-element elementor-element-66a79ef elementor-widget__width-initial elementor-widget elementor-widget-nacharity_basic_separator\" data-id=\"66a79ef\" data-element_type=\"widget\" data-e-type=\"widget\" data-widget_type=\"nacharity_basic_separator.default\">\n\t\t\t\t<div class=\"elementor-widget-container\">\n\t\t\t\t\t<div class=\"nacep-separator separator-left border-two\"><span class=\"sep-two-left\"><\/span><div class=\"nacep-sep\">Gestion des catastrophes<\/div><span class=\"sep-two-right\"><\/span><\/div>\t\t\t\t<\/div>\n\t\t\t\t<\/div>\n\t\t\t\t\t<\/div>\n\t\t<\/div>\n\t\t\t\t\t<\/div>\n\t\t<\/section>\n\t\t<div class=\"elementor-element elementor-element-6def04a e-flex e-con-boxed e-con e-parent\" data-id=\"6def04a\" data-element_type=\"container\" data-e-type=\"container\">\n\t\t\t\t\t<div class=\"e-con-inner\">\n\t\t<div class=\"elementor-element elementor-element-68217f5 e-con-full e-flex e-con e-child\" data-id=\"68217f5\" data-element_type=\"container\" data-e-type=\"container\">\n\t\t\t\t<div class=\"elementor-element elementor-element-6b49bdd elementor-widget elementor-widget-heading\" data-id=\"6b49bdd\" data-element_type=\"widget\" data-e-type=\"widget\" data-widget_type=\"heading.default\">\n\t\t\t\t<div class=\"elementor-widget-container\">\n\t\t\t\t\t<p class=\"elementor-heading-title elementor-size-default\">Ha\u00efti Survie s\u2019engage dans une gestion proactive et durable des catastrophes naturelles, telles que les s\u00e9ismes et les inondations qui affectent fr\u00e9quemment le pays. L\u2019organisation vise \u00e0 r\u00e9duire les risques et \u00e0 am\u00e9liorer la r\u00e9ponse aux urgences. Pour cela, son action  est orient\u00e9e vers les interventions actives suivantes:<\/p>\t\t\t\t<\/div>\n\t\t\t\t<\/div>\n\t\t\t\t<\/div>\n\t\t\t\t\t<\/div>\n\t\t\t\t<\/div>\n\t\t\t\t<section class=\"elementor-section elementor-top-section elementor-element elementor-element-270d88be elementor-section-boxed elementor-section-height-default elementor-section-height-default\" data-id=\"270d88be\" data-element_type=\"section\" data-e-type=\"section\">\n\t\t\t\t\t\t<div class=\"elementor-container elementor-column-gap-wider\">\n\t\t\t\t\t<div class=\"elementor-column elementor-col-50 elementor-top-column elementor-element elementor-element-6da5af1\" data-id=\"6da5af1\" data-element_type=\"column\" data-e-type=\"column\">\n\t\t\t<div class=\"elementor-widget-wrap elementor-element-populated\">\n\t\t\t\t\t\t<div class=\"elementor-element elementor-element-c05cead elementor-view-default elementor-widget elementor-widget-icon\" data-id=\"c05cead\" data-element_type=\"widget\" data-e-type=\"widget\" data-widget_type=\"icon.default\">\n\t\t\t\t<div class=\"elementor-widget-container\">\n\t\t\t\t\t\t\t<div class=\"elementor-icon-wrapper\">\n\t\t\t<div class=\"elementor-icon\">\n\t\t\t<svg aria-hidden=\"true\" class=\"e-font-icon-svg e-fas-user-shield\" viewBox=\"0 0 640 512\" xmlns=\"http:\/\/www.w3.org\/2000\/svg\"><path d=\"M622.3 271.1l-115.2-45c-4.1-1.6-12.6-3.7-22.2 0l-115.2 45c-10.7 4.2-17.7 14-17.7 24.9 0 111.6 68.7 188.8 132.9 213.9 9.6 3.7 18 1.6 22.2 0C558.4 489.9 640 420.5 640 296c0-10.9-7-20.7-17.7-24.9zM496 462.4V273.3l95.5 37.3c-5.6 87.1-60.9 135.4-95.5 151.8zM224 256c70.7 0 128-57.3 128-128S294.7 0 224 0 96 57.3 96 128s57.3 128 128 128zm96 40c0-2.5.8-4.8 1.1-7.2-2.5-.1-4.9-.8-7.5-.8h-16.7c-22.2 10.2-46.9 16-72.9 16s-50.6-5.8-72.9-16h-16.7C60.2 288 0 348.2 0 422.4V464c0 26.5 21.5 48 48 48h352c6.8 0 13.3-1.5 19.2-4-54-42.9-99.2-116.7-99.2-212z\"><\/path><\/svg>\t\t\t<\/div>\n\t\t<\/div>\n\t\t\t\t\t\t<\/div>\n\t\t\t\t<\/div>\n\t\t\t\t\t<\/div>\n\t\t<\/div>\n\t\t\t\t<div class=\"elementor-column elementor-col-50 elementor-top-column elementor-element elementor-element-68c01f5f\" data-id=\"68c01f5f\" data-element_type=\"column\" data-e-type=\"column\">\n\t\t\t<div class=\"elementor-widget-wrap elementor-element-populated\">\n\t\t\t\t\t\t<div class=\"elementor-element elementor-element-7e1ffe03 elementor-widget elementor-widget-nacharity_basic_separator\" data-id=\"7e1ffe03\" data-element_type=\"widget\" data-e-type=\"widget\" data-widget_type=\"nacharity_basic_separator.default\">\n\t\t\t\t<div class=\"elementor-widget-container\">\n\t\t\t\t\t<div class=\"nacep-separator separator-left\"><span class=\"sep-left\"><\/span><div class=\"nacep-sep\">Pr\u00e9paration et pr\u00e9vention<\/div><span class=\"sep-right\"><\/span><\/div>\t\t\t\t<\/div>\n\t\t\t\t<\/div>\n\t\t\t\t<div class=\"elementor-element elementor-element-29c89d54 elementor-widget elementor-widget-heading\" data-id=\"29c89d54\" data-element_type=\"widget\" data-e-type=\"widget\" data-widget_type=\"heading.default\">\n\t\t\t\t<div class=\"elementor-widget-container\">\n\t\t\t\t\t<p class=\"elementor-heading-title elementor-size-default\">La pr\u00e9paration est essentielle. Ha\u00efti Survie renforce les infrastructures et \u00e9duque les communaut\u00e9s afin d'am\u00e9liorer  leur r\u00e9silience. Les actions comprennent la formation aux premiers secours et l\u2019\u00e9tablissement de plans d\u2019urgence et des mesures de mitigation des risques.<\/p>\t\t\t\t<\/div>\n\t\t\t\t<\/div>\n\t\t\t\t\t<\/div>\n\t\t<\/div>\n\t\t\t\t\t<\/div>\n\t\t<\/section>\n\t\t\t\t<section class=\"elementor-section elementor-top-section elementor-element elementor-element-62a3d46 elementor-section-boxed elementor-section-height-default elementor-section-height-default\" data-id=\"62a3d46\" data-element_type=\"section\" data-e-type=\"section\">\n\t\t\t\t\t\t<div class=\"elementor-container elementor-column-gap-wider\">\n\t\t\t\t\t<div class=\"elementor-column elementor-col-50 elementor-top-column elementor-element elementor-element-0f121da\" data-id=\"0f121da\" data-element_type=\"column\" data-e-type=\"column\">\n\t\t\t<div class=\"elementor-widget-wrap elementor-element-populated\">\n\t\t\t\t\t\t<div class=\"elementor-element elementor-element-ffae5b2 elementor-widget elementor-widget-nacharity_basic_separator\" data-id=\"ffae5b2\" data-element_type=\"widget\" data-e-type=\"widget\" data-widget_type=\"nacharity_basic_separator.default\">\n\t\t\t\t<div class=\"elementor-widget-container\">\n\t\t\t\t\t<div class=\"nacep-separator separator-left\"><span class=\"sep-left\"><\/span><div class=\"nacep-sep\">Intervention d\u2019urgence<\/div><span class=\"sep-right\"><\/span><\/div>\t\t\t\t<\/div>\n\t\t\t\t<\/div>\n\t\t\t\t<div class=\"elementor-element elementor-element-a3f3aea elementor-widget elementor-widget-heading\" data-id=\"a3f3aea\" data-element_type=\"widget\" data-e-type=\"widget\" data-widget_type=\"heading.default\">\n\t\t\t\t<div class=\"elementor-widget-container\">\n\t\t\t\t\t<p class=\"elementor-heading-title elementor-size-default\">En cas de catastrophe, Ha\u00efti Survie intervient rapidement pour assurer une r\u00e9ponse coordonn\u00e9e. Les actions incluent la mise en place de centres d\u2019op\u00e9rations et la distribution de kits de survie.<\/p>\t\t\t\t<\/div>\n\t\t\t\t<\/div>\n\t\t\t\t\t<\/div>\n\t\t<\/div>\n\t\t\t\t<div class=\"elementor-column elementor-col-50 elementor-top-column elementor-element elementor-element-de91fb0\" data-id=\"de91fb0\" data-element_type=\"column\" data-e-type=\"column\">\n\t\t\t<div class=\"elementor-widget-wrap elementor-element-populated\">\n\t\t\t\t\t\t<div class=\"elementor-element elementor-element-0c706c2 elementor-view-default elementor-widget elementor-widget-icon\" data-id=\"0c706c2\" data-element_type=\"widget\" data-e-type=\"widget\" data-widget_type=\"icon.default\">\n\t\t\t\t<div class=\"elementor-widget-container\">\n\t\t\t\t\t\t\t<div class=\"elementor-icon-wrapper\">\n\t\t\t<div class=\"elementor-icon\">\n\t\t\t<svg aria-hidden=\"true\" class=\"e-font-icon-svg e-fas-ambulance\" viewBox=\"0 0 640 512\" xmlns=\"http:\/\/www.w3.org\/2000\/svg\"><path d=\"M624 352h-16V243.9c0-12.7-5.1-24.9-14.1-33.9L494 110.1c-9-9-21.2-14.1-33.9-14.1H416V48c0-26.5-21.5-48-48-48H48C21.5 0 0 21.5 0 48v320c0 26.5 21.5 48 48 48h16c0 53 43 96 96 96s96-43 96-96h128c0 53 43 96 96 96s96-43 96-96h48c8.8 0 16-7.2 16-16v-32c0-8.8-7.2-16-16-16zM160 464c-26.5 0-48-21.5-48-48s21.5-48 48-48 48 21.5 48 48-21.5 48-48 48zm144-248c0 4.4-3.6 8-8 8h-56v56c0 4.4-3.6 8-8 8h-48c-4.4 0-8-3.6-8-8v-56h-56c-4.4 0-8-3.6-8-8v-48c0-4.4 3.6-8 8-8h56v-56c0-4.4 3.6-8 8-8h48c4.4 0 8 3.6 8 8v56h56c4.4 0 8 3.6 8 8v48zm176 248c-26.5 0-48-21.5-48-48s21.5-48 48-48 48 21.5 48 48-21.5 48-48 48zm80-208H416V144h44.1l99.9 99.9V256z\"><\/path><\/svg>\t\t\t<\/div>\n\t\t<\/div>\n\t\t\t\t\t\t<\/div>\n\t\t\t\t<\/div>\n\t\t\t\t\t<\/div>\n\t\t<\/div>\n\t\t\t\t\t<\/div>\n\t\t<\/section>\n\t\t\t\t<section class=\"elementor-section elementor-top-section elementor-element elementor-element-2e5b4c2 elementor-section-boxed elementor-section-height-default elementor-section-height-default\" data-id=\"2e5b4c2\" data-element_type=\"section\" data-e-type=\"section\">\n\t\t\t\t\t\t<div class=\"elementor-container elementor-column-gap-wider\">\n\t\t\t\t\t<div class=\"elementor-column elementor-col-50 elementor-top-column elementor-element elementor-element-a4cab93\" data-id=\"a4cab93\" data-element_type=\"column\" data-e-type=\"column\">\n\t\t\t<div class=\"elementor-widget-wrap elementor-element-populated\">\n\t\t\t\t\t\t<div class=\"elementor-element elementor-element-9a115c2 elementor-view-default elementor-widget elementor-widget-icon\" data-id=\"9a115c2\" data-element_type=\"widget\" data-e-type=\"widget\" data-widget_type=\"icon.default\">\n\t\t\t\t<div class=\"elementor-widget-container\">\n\t\t\t\t\t\t\t<div class=\"elementor-icon-wrapper\">\n\t\t\t<div class=\"elementor-icon\">\n\t\t\t<svg aria-hidden=\"true\" class=\"e-font-icon-svg e-fas-hammer\" viewBox=\"0 0 576 512\" xmlns=\"http:\/\/www.w3.org\/2000\/svg\"><path d=\"M571.31 193.94l-22.63-22.63c-6.25-6.25-16.38-6.25-22.63 0l-11.31 11.31-28.9-28.9c5.63-21.31.36-44.9-16.35-61.61l-45.25-45.25c-62.48-62.48-163.79-62.48-226.28 0l90.51 45.25v18.75c0 16.97 6.74 33.25 18.75 45.25l49.14 49.14c16.71 16.71 40.3 21.98 61.61 16.35l28.9 28.9-11.31 11.31c-6.25 6.25-6.25 16.38 0 22.63l22.63 22.63c6.25 6.25 16.38 6.25 22.63 0l90.51-90.51c6.23-6.24 6.23-16.37-.02-22.62zm-286.72-15.2c-3.7-3.7-6.84-7.79-9.85-11.95L19.64 404.96c-25.57 23.88-26.26 64.19-1.53 88.93s65.05 24.05 88.93-1.53l238.13-255.07c-3.96-2.91-7.9-5.87-11.44-9.41l-49.14-49.14z\"><\/path><\/svg>\t\t\t<\/div>\n\t\t<\/div>\n\t\t\t\t\t\t<\/div>\n\t\t\t\t<\/div>\n\t\t\t\t\t<\/div>\n\t\t<\/div>\n\t\t\t\t<div class=\"elementor-column elementor-col-50 elementor-top-column elementor-element elementor-element-d24a33d\" data-id=\"d24a33d\" data-element_type=\"column\" data-e-type=\"column\">\n\t\t\t<div class=\"elementor-widget-wrap elementor-element-populated\">\n\t\t\t\t\t\t<div class=\"elementor-element elementor-element-4bf9900 elementor-widget elementor-widget-nacharity_basic_separator\" data-id=\"4bf9900\" data-element_type=\"widget\" data-e-type=\"widget\" data-widget_type=\"nacharity_basic_separator.default\">\n\t\t\t\t<div class=\"elementor-widget-container\">\n\t\t\t\t\t<div class=\"nacep-separator separator-left\"><span class=\"sep-left\"><\/span><div class=\"nacep-sep\">Renforcement des capacit\u00e9s<\/div><span class=\"sep-right\"><\/span><\/div>\t\t\t\t<\/div>\n\t\t\t\t<\/div>\n\t\t\t\t<div class=\"elementor-element elementor-element-8e03ca2 elementor-widget elementor-widget-heading\" data-id=\"8e03ca2\" data-element_type=\"widget\" data-e-type=\"widget\" data-widget_type=\"heading.default\">\n\t\t\t\t<div class=\"elementor-widget-container\">\n\t\t\t\t\t<p class=\"elementor-heading-title elementor-size-default\">L'organisation d\u00e9veloppe les comp\u00e9tences locales pour une meilleure gestion \u00e0 long terme. Les diff\u00e9rentes actions d\u00e9velopp\u00e9es sont la formation des leaders communautaire et la collaboration pour la recherche en gestion de risques avec l'universit\u00e9 d'\u00e9tat d'Ha\u00efti.<\/p>\t\t\t\t<\/div>\n\t\t\t\t<\/div>\n\t\t\t\t\t<\/div>\n\t\t<\/div>\n\t\t\t\t\t<\/div>\n\t\t<\/section>\n\t\t\t\t<section class=\"elementor-section elementor-top-section elementor-element elementor-element-8dcc577 elementor-section-boxed elementor-section-height-default elementor-section-height-default\" data-id=\"8dcc577\" data-element_type=\"section\" data-e-type=\"section\">\n\t\t\t\t\t\t<div class=\"elementor-container elementor-column-gap-wider\">\n\t\t\t\t\t<div class=\"elementor-column elementor-col-100 elementor-top-column elementor-element elementor-element-f80b9c6\" data-id=\"f80b9c6\" data-element_type=\"column\" data-e-type=\"column\">\n\t\t\t<div class=\"elementor-widget-wrap elementor-element-populated\">\n\t\t\t\t\t\t<div class=\"elementor-element elementor-element-387d18f elementor-widget elementor-widget-heading\" data-id=\"387d18f\" data-element_type=\"widget\" data-e-type=\"widget\" data-widget_type=\"heading.default\">\n\t\t\t\t<div class=\"elementor-widget-container\">\n\t\t\t\t\t<p class=\"elementor-heading-title elementor-size-default\">Ces mesures  visent \u00e0 att\u00e9nuer l\u2019impact des catastrophes naturelles et \u00e0 b\u00e2tir une communaut\u00e9 plus s\u00fbre et plus r\u00e9siliente. Ha\u00efti  Survie joue un r\u00f4le crucial dans la protection des vies et des moyens de subsistance en Ha\u00efti avec un objectif clair et des actions d\u00e9termin\u00e9es en priorisant les interventions durables et efficaces.<\/p>\t\t\t\t<\/div>\n\t\t\t\t<\/div>\n\t\t\t\t\t<\/div>\n\t\t<\/div>\n\t\t\t\t\t<\/div>\n\t\t<\/section>\n\t\t\t\t<\/div>\n\t\t","protected":false},"excerpt":{"rendered":"<p>Gestion des catastrophes Ha\u00efti Survie s\u2019engage dans une gestion proactive et durable des catastrophes naturelles, telles que les s\u00e9ismes et les inondations qui affectent fr\u00e9quemment le pays. L\u2019organisation vise \u00e0 r\u00e9duire les risques et \u00e0 am\u00e9liorer la r\u00e9ponse aux urgences. Pour cela, son action est orient\u00e9e vers les interventions actives suivantes: Pr\u00e9paration et pr\u00e9vention La pr\u00e9paration est essentielle. Ha\u00efti Survie&#8230;<\/p>","protected":false},"author":1,"featured_media":40,"parent":0,"menu_order":0,"comment_status":"closed","ping_status":"closed","template":"page-templates\/full-width.php","meta":{"footnotes":""},"class_list":["post-224","page","type-page","status-publish","has-post-thumbnail","hentry"],"_links":{"self":[{"href":"https:\/\/hsurvie.org\/en\/wp-json\/wp\/v2\/pages\/224","targetHints":{"allow":["GET"]}}],"collection":[{"href":"https:\/\/hsurvie.org\/en\/wp-json\/wp\/v2\/pages"}],"about":[{"href":"https:\/\/hsurvie.org\/en\/wp-json\/wp\/v2\/types\/page"}],"author":[{"embeddable":true,"href":"https:\/\/hsurvie.org\/en\/wp-json\/wp\/v2\/users\/1"}],"replies":[{"embeddable":true,"href":"https:\/\/hsurvie.org\/en\/wp-json\/wp\/v2\/comments?post=224"}],"version-history":[{"count":7,"href":"https:\/\/hsurvie.org\/en\/wp-json\/wp\/v2\/pages\/224\/revisions"}],"predecessor-version":[{"id":360,"href":"https:\/\/hsurvie.org\/en\/wp-json\/wp\/v2\/pages\/224\/revisions\/360"}],"wp:featuredmedia":[{"embeddable":true,"href":"https:\/\/hsurvie.org\/en\/wp-json\/wp\/v2\/media\/40"}],"wp:attachment":[{"href":"https:\/\/hsurvie.org\/en\/wp-json\/wp\/v2\/media?parent=224"}],"curies":[{"name":"wp","href":"https:\/\/api.w.org\/{rel}","templated":true}]}}