{"id":258,"date":"2024-08-03T23:18:51","date_gmt":"2024-08-03T23:18:51","guid":{"rendered":"https:\/\/201.73c.mytemp.website\/?page_id=258"},"modified":"2024-08-05T00:49:33","modified_gmt":"2024-08-05T00:49:33","slug":"advocacy_campain","status":"publish","type":"page","link":"https:\/\/hsurvie.org\/en\/advocacy_campain\/","title":{"rendered":"Advocacy campaign"},"content":{"rendered":"\t\t<div data-elementor-type=\"wp-page\" data-elementor-id=\"258\" class=\"elementor elementor-258\">\n\t\t\t\t\t\t<section class=\"elementor-section elementor-top-section elementor-element elementor-element-5a680d70 elementor-section-boxed elementor-section-height-default elementor-section-height-default\" data-id=\"5a680d70\" data-element_type=\"section\" data-e-type=\"section\" data-settings=\"{&quot;background_background&quot;:&quot;slideshow&quot;,&quot;background_slideshow_gallery&quot;:[{&quot;id&quot;:154,&quot;url&quot;:&quot;http:\\\/\\\/hsurvie.org\\\/wp-content\\\/uploads\\\/2024\\\/07\\\/DSC05692-620x264-1.jpg&quot;},{&quot;id&quot;:155,&quot;url&quot;:&quot;http:\\\/\\\/hsurvie.org\\\/wp-content\\\/uploads\\\/2024\\\/07\\\/livelihood_projectphase_II_image_1.png&quot;},{&quot;id&quot;:156,&quot;url&quot;:&quot;http:\\\/\\\/hsurvie.org\\\/wp-content\\\/uploads\\\/2024\\\/07\\\/livelihood_projectphase_II_image_2.png&quot;}],&quot;background_slideshow_loop&quot;:&quot;yes&quot;,&quot;background_slideshow_slide_duration&quot;:5000,&quot;background_slideshow_slide_transition&quot;:&quot;fade&quot;,&quot;background_slideshow_transition_duration&quot;:500}\">\n\t\t\t\t\t\t\t<div class=\"elementor-background-overlay\"><\/div>\n\t\t\t\t\t\t\t<div class=\"elementor-container elementor-column-gap-default\">\n\t\t\t\t\t<div class=\"elementor-column elementor-col-100 elementor-top-column elementor-element elementor-element-48cb6896\" data-id=\"48cb6896\" data-element_type=\"column\" data-e-type=\"column\">\n\t\t\t<div class=\"elementor-widget-wrap elementor-element-populated\">\n\t\t\t\t\t\t<div class=\"elementor-element elementor-element-66a79ef elementor-widget__width-initial elementor-widget elementor-widget-nacharity_basic_separator\" data-id=\"66a79ef\" data-element_type=\"widget\" data-e-type=\"widget\" data-widget_type=\"nacharity_basic_separator.default\">\n\t\t\t\t<div class=\"elementor-widget-container\">\n\t\t\t\t\t<div class=\"nacep-separator separator-left border-two\"><span class=\"sep-two-left\"><\/span><div class=\"nacep-sep\">Campagnes de plaidoyer<\/div><span class=\"sep-two-right\"><\/span><\/div>\t\t\t\t<\/div>\n\t\t\t\t<\/div>\n\t\t\t\t\t<\/div>\n\t\t<\/div>\n\t\t\t\t\t<\/div>\n\t\t<\/section>\n\t\t<div class=\"elementor-element elementor-element-6def04a e-flex e-con-boxed e-con e-parent\" data-id=\"6def04a\" data-element_type=\"container\" data-e-type=\"container\">\n\t\t\t\t\t<div class=\"e-con-inner\">\n\t\t<div class=\"elementor-element elementor-element-68217f5 e-con-full e-flex e-con e-child\" data-id=\"68217f5\" data-element_type=\"container\" data-e-type=\"container\">\n\t\t\t\t<div class=\"elementor-element elementor-element-6b49bdd elementor-widget elementor-widget-heading\" data-id=\"6b49bdd\" data-element_type=\"widget\" data-e-type=\"widget\" data-widget_type=\"heading.default\">\n\t\t\t\t<div class=\"elementor-widget-container\">\n\t\t\t\t\t<div class=\"elementor-heading-title elementor-size-default\">Ha\u00efti Survie est une organisation d\u00e9di\u00e9e \u00e0 la promotion de la durabilit\u00e9 et de la r\u00e9silience face au changement climatique.  Dans un monde o\u00f9 les effets du changement climatique se font de plus en plus ressentir, Ha\u00efti Survie veut se positionne en premi\u00e8re ligne pour d\u00e9fendre les int\u00e9r\u00eats des communaut\u00e9s vuln\u00e9rables. Pour cela,  elle lance des campagnes de plaidoyer strat\u00e9giques et \u00e9tablit un r\u00e9seau de r\u00e9flexion et de lutte sur le climat. Ainsi, les initiatives d\u00e9velopp\u00e9es dans le cadre de ces campagnes sont r\u00e9v\u00e9latrices: \n<ul style=\"margin-left:50px\">\n<li>Sensibiliser \u00e0 l\u2019urgence climatique et \u00e0 ses impacts sur Ha\u00efti.<\/li>\n<li>Mobiliser la soci\u00e9t\u00e9 civile et les d\u00e9cideurs pour l\u2019adoption de politiques environnementales appropri\u00e9es et robustes.<\/li>\n<li>Promouvoir des solutions durables et adapt\u00e9es aux r\u00e9alit\u00e9s locales.<\/li>\n<\/ul>\nLes actions de ces campagnes visent:\n<ul style=\"margin-left:50px\">\n<li>Organisation de forums communautaires pour discuter des d\u00e9fis climatiques sp\u00e9cifiques \u00e0 Ha\u00efti.<\/li>\n<li>Collaboration avec les m\u00e9dias pour diffuser des informations sur les risques climatiques et les mesures de pr\u00e9vention.<\/li>\n<li>Lancement de campagnes num\u00e9riques pour amplifier le message et atteindre un public plus large.<\/li>\n<\/ul><\/div>\t\t\t\t<\/div>\n\t\t\t\t<\/div>\n\t\t\t\t<\/div>\n\t\t\t\t\t<\/div>\n\t\t\t\t<\/div>\n\t\t\t\t<section class=\"elementor-section elementor-top-section elementor-element elementor-element-270d88be elementor-section-boxed elementor-section-height-default elementor-section-height-default\" data-id=\"270d88be\" data-element_type=\"section\" data-e-type=\"section\">\n\t\t\t\t\t\t<div class=\"elementor-container elementor-column-gap-wider\">\n\t\t\t\t\t<div class=\"elementor-column elementor-col-50 elementor-top-column elementor-element elementor-element-6da5af1\" data-id=\"6da5af1\" data-element_type=\"column\" data-e-type=\"column\">\n\t\t\t<div class=\"elementor-widget-wrap elementor-element-populated\">\n\t\t\t\t\t\t<div class=\"elementor-element elementor-element-c05cead elementor-view-default elementor-widget elementor-widget-icon\" data-id=\"c05cead\" data-element_type=\"widget\" data-e-type=\"widget\" data-widget_type=\"icon.default\">\n\t\t\t\t<div class=\"elementor-widget-container\">\n\t\t\t\t\t\t\t<div class=\"elementor-icon-wrapper\">\n\t\t\t<div class=\"elementor-icon\">\n\t\t\t<svg aria-hidden=\"true\" class=\"e-font-icon-svg e-far-lightbulb\" viewBox=\"0 0 352 512\" xmlns=\"http:\/\/www.w3.org\/2000\/svg\"><path d=\"M176 80c-52.94 0-96 43.06-96 96 0 8.84 7.16 16 16 16s16-7.16 16-16c0-35.3 28.72-64 64-64 8.84 0 16-7.16 16-16s-7.16-16-16-16zM96.06 459.17c0 3.15.93 6.22 2.68 8.84l24.51 36.84c2.97 4.46 7.97 7.14 13.32 7.14h78.85c5.36 0 10.36-2.68 13.32-7.14l24.51-36.84c1.74-2.62 2.67-5.7 2.68-8.84l.05-43.18H96.02l.04 43.18zM176 0C73.72 0 0 82.97 0 176c0 44.37 16.45 84.85 43.56 115.78 16.64 18.99 42.74 58.8 52.42 92.16v.06h48v-.12c-.01-4.77-.72-9.51-2.15-14.07-5.59-17.81-22.82-64.77-62.17-109.67-20.54-23.43-31.52-53.15-31.61-84.14-.2-73.64 59.67-128 127.95-128 70.58 0 128 57.42 128 128 0 30.97-11.24 60.85-31.65 84.14-39.11 44.61-56.42 91.47-62.1 109.46a47.507 47.507 0 0 0-2.22 14.3v.1h48v-.05c9.68-33.37 35.78-73.18 52.42-92.16C335.55 260.85 352 220.37 352 176 352 78.8 273.2 0 176 0z\"><\/path><\/svg>\t\t\t<\/div>\n\t\t<\/div>\n\t\t\t\t\t\t<\/div>\n\t\t\t\t<\/div>\n\t\t\t\t\t<\/div>\n\t\t<\/div>\n\t\t\t\t<div class=\"elementor-column elementor-col-50 elementor-top-column elementor-element elementor-element-68c01f5f\" data-id=\"68c01f5f\" data-element_type=\"column\" data-e-type=\"column\">\n\t\t\t<div class=\"elementor-widget-wrap elementor-element-populated\">\n\t\t\t\t\t\t<div class=\"elementor-element elementor-element-7e1ffe03 elementor-widget elementor-widget-nacharity_basic_separator\" data-id=\"7e1ffe03\" data-element_type=\"widget\" data-e-type=\"widget\" data-widget_type=\"nacharity_basic_separator.default\">\n\t\t\t\t<div class=\"elementor-widget-container\">\n\t\t\t\t\t<div class=\"nacep-separator separator-left\"><span class=\"sep-left\"><\/span><div class=\"nacep-sep\">Mise en place des R\u00e9seaux d&#039;organisations communautaires de R\u00e9flexion et de lutte sur le Climat<\/div><span class=\"sep-right\"><\/span><\/div>\t\t\t\t<\/div>\n\t\t\t\t<\/div>\n\t\t\t\t<div class=\"elementor-element elementor-element-29c89d54 elementor-widget elementor-widget-heading\" data-id=\"29c89d54\" data-element_type=\"widget\" data-e-type=\"widget\" data-widget_type=\"heading.default\">\n\t\t\t\t<div class=\"elementor-widget-container\">\n\t\t\t\t\t<div class=\"elementor-heading-title elementor-size-default\">Reconnaissant la complexit\u00e9 des enjeux climatiques, Ha\u00efti Survie a mis en place un r\u00e9seau de r\u00e9flexion ax\u00e9 sur le climat. Ce r\u00e9seau rassemble des organisations  communautaires de base et partage des \u00e9changes de connaissances, des id\u00e9es et des strat\u00e9gies en mati\u00e8re de lutte contre le changement climatique appuy\u00e9 par des experts, des chercheurs et des praticiens.\n<br>\n<b>Objectifs :<\/b>\n<ul style=\"margin-left:50px\">\n<li>Cr\u00e9er une plateforme multidisciplinaire pour l\u2019analyse des probl\u00e9matiques climatiques.<\/li>\n<li>D\u00e9velopper des recommandations politiques bas\u00e9es sur des donn\u00e9es probantes.<\/li>\n<li>Renforcer les capacit\u00e9s locales en mati\u00e8re de recherche et d\u2019innovation climatique.<\/li>\n<\/ul>\n<b>Actions :<\/b>\n<ul style=\"margin-left:50px\">\n<li>Organisation de conf\u00e9rences et d\u2019ateliers th\u00e9matiques pour favoriser le partage d\u2019expertise.<\/li>\n<li>Publication de rapports et d\u2019\u00e9tudes pour informer les politiques publiques.<\/li>\n<li>Mise en place de partenariats strat\u00e9giques avec des institutions acad\u00e9miques et des organisations internationales.<\/li>\n<\/ul>\n<br>\nCes initiatives de Ha\u00efti Survie visent \u00e0 cr\u00e9er un impact positif durable en faveur de l\u2019environnement et du bien-\u00eatre des g\u00e9n\u00e9rations futures en Ha\u00efti. Elles sont essentielles pour b\u00e2tir une soci\u00e9t\u00e9 plus consciente et pr\u00e9par\u00e9e aux d\u00e9fis du changement climatique.<\/div>\t\t\t\t<\/div>\n\t\t\t\t<\/div>\n\t\t\t\t\t<\/div>\n\t\t<\/div>\n\t\t\t\t\t<\/div>\n\t\t<\/section>\n\t\t\t\t<\/div>\n\t\t","protected":false},"excerpt":{"rendered":"<p>Campagnes de plaidoyer Ha\u00efti Survie est une organisation d\u00e9di\u00e9e \u00e0 la promotion de la durabilit\u00e9 et de la r\u00e9silience face au changement climatique. Dans un monde o\u00f9 les effets du changement climatique se font de plus en plus ressentir, Ha\u00efti Survie veut se positionne en premi\u00e8re ligne pour d\u00e9fendre les int\u00e9r\u00eats des communaut\u00e9s vuln\u00e9rables. Pour cela, elle lance des campagnes&#8230;<\/p>","protected":false},"author":1,"featured_media":40,"parent":0,"menu_order":0,"comment_status":"closed","ping_status":"closed","template":"page-templates\/full-width.php","meta":{"footnotes":""},"class_list":["post-258","page","type-page","status-publish","has-post-thumbnail","hentry"],"_links":{"self":[{"href":"https:\/\/hsurvie.org\/en\/wp-json\/wp\/v2\/pages\/258","targetHints":{"allow":["GET"]}}],"collection":[{"href":"https:\/\/hsurvie.org\/en\/wp-json\/wp\/v2\/pages"}],"about":[{"href":"https:\/\/hsurvie.org\/en\/wp-json\/wp\/v2\/types\/page"}],"author":[{"embeddable":true,"href":"https:\/\/hsurvie.org\/en\/wp-json\/wp\/v2\/users\/1"}],"replies":[{"embeddable":true,"href":"https:\/\/hsurvie.org\/en\/wp-json\/wp\/v2\/comments?post=258"}],"version-history":[{"count":7,"href":"https:\/\/hsurvie.org\/en\/wp-json\/wp\/v2\/pages\/258\/revisions"}],"predecessor-version":[{"id":378,"href":"https:\/\/hsurvie.org\/en\/wp-json\/wp\/v2\/pages\/258\/revisions\/378"}],"wp:featuredmedia":[{"embeddable":true,"href":"https:\/\/hsurvie.org\/en\/wp-json\/wp\/v2\/media\/40"}],"wp:attachment":[{"href":"https:\/\/hsurvie.org\/en\/wp-json\/wp\/v2\/media?parent=258"}],"curies":[{"name":"wp","href":"https:\/\/api.w.org\/{rel}","templated":true}]}}