{"id":326,"date":"2024-08-04T22:06:08","date_gmt":"2024-08-04T22:06:08","guid":{"rendered":"https:\/\/201.73c.mytemp.website\/?page_id=326"},"modified":"2024-08-05T00:46:28","modified_gmt":"2024-08-05T00:46:28","slug":"nos-projets","status":"publish","type":"page","link":"https:\/\/hsurvie.org\/en\/nos-projets\/","title":{"rendered":"Our projects"},"content":{"rendered":"\t\t<div data-elementor-type=\"wp-page\" data-elementor-id=\"326\" class=\"elementor elementor-326\">\n\t\t\t\t\t\t<section class=\"elementor-section elementor-top-section elementor-element elementor-element-5a680d70 elementor-section-boxed elementor-section-height-default elementor-section-height-default\" data-id=\"5a680d70\" data-element_type=\"section\" data-e-type=\"section\" data-settings=\"{&quot;background_background&quot;:&quot;slideshow&quot;,&quot;background_slideshow_gallery&quot;:[{&quot;id&quot;:154,&quot;url&quot;:&quot;http:\\\/\\\/hsurvie.org\\\/wp-content\\\/uploads\\\/2024\\\/07\\\/DSC05692-620x264-1.jpg&quot;},{&quot;id&quot;:155,&quot;url&quot;:&quot;http:\\\/\\\/hsurvie.org\\\/wp-content\\\/uploads\\\/2024\\\/07\\\/livelihood_projectphase_II_image_1.png&quot;},{&quot;id&quot;:156,&quot;url&quot;:&quot;http:\\\/\\\/hsurvie.org\\\/wp-content\\\/uploads\\\/2024\\\/07\\\/livelihood_projectphase_II_image_2.png&quot;}],&quot;background_slideshow_loop&quot;:&quot;yes&quot;,&quot;background_slideshow_slide_duration&quot;:5000,&quot;background_slideshow_slide_transition&quot;:&quot;fade&quot;,&quot;background_slideshow_transition_duration&quot;:500}\">\n\t\t\t\t\t\t\t<div class=\"elementor-background-overlay\"><\/div>\n\t\t\t\t\t\t\t<div class=\"elementor-container elementor-column-gap-default\">\n\t\t\t\t\t<div class=\"elementor-column elementor-col-100 elementor-top-column elementor-element elementor-element-48cb6896\" data-id=\"48cb6896\" data-element_type=\"column\" data-e-type=\"column\">\n\t\t\t<div class=\"elementor-widget-wrap elementor-element-populated\">\n\t\t\t\t\t\t<div class=\"elementor-element elementor-element-66a79ef elementor-widget__width-initial elementor-widget elementor-widget-nacharity_basic_separator\" data-id=\"66a79ef\" data-element_type=\"widget\" data-e-type=\"widget\" data-widget_type=\"nacharity_basic_separator.default\">\n\t\t\t\t<div class=\"elementor-widget-container\">\n\t\t\t\t\t<div class=\"nacep-separator separator-left border-two\"><span class=\"sep-two-left\"><\/span><div class=\"nacep-sep\">Nos projets<\/div><span class=\"sep-two-right\"><\/span><\/div>\t\t\t\t<\/div>\n\t\t\t\t<\/div>\n\t\t\t\t\t<\/div>\n\t\t<\/div>\n\t\t\t\t\t<\/div>\n\t\t<\/section>\n\t\t<div class=\"elementor-element elementor-element-6def04a e-flex e-con-boxed e-con e-parent\" data-id=\"6def04a\" data-element_type=\"container\" data-e-type=\"container\">\n\t\t\t\t\t<div class=\"e-con-inner\">\n\t\t<div class=\"elementor-element elementor-element-68217f5 e-con-full e-flex e-con e-child\" data-id=\"68217f5\" data-element_type=\"container\" data-e-type=\"container\">\n\t\t\t\t<\/div>\n\t\t\t\t\t<\/div>\n\t\t\t\t<\/div>\n\t\t\t\t<section class=\"elementor-section elementor-top-section elementor-element elementor-element-270d88be elementor-section-boxed elementor-section-height-default elementor-section-height-default\" data-id=\"270d88be\" data-element_type=\"section\" data-e-type=\"section\">\n\t\t\t\t\t\t<div class=\"elementor-container elementor-column-gap-wider\">\n\t\t\t\t\t<div class=\"elementor-column elementor-col-100 elementor-top-column elementor-element elementor-element-68c01f5f\" data-id=\"68c01f5f\" data-element_type=\"column\" data-e-type=\"column\">\n\t\t\t<div class=\"elementor-widget-wrap elementor-element-populated\">\n\t\t\t\t\t\t<div class=\"elementor-element elementor-element-29c89d54 elementor-widget elementor-widget-heading\" data-id=\"29c89d54\" data-element_type=\"widget\" data-e-type=\"widget\" data-widget_type=\"heading.default\">\n\t\t\t\t<div class=\"elementor-widget-container\">\n\t\t\t\t\t<p class=\"elementor-heading-title elementor-size-default\">Haiti Survie est \u00e0 l\u2019avant-garde de la sensibilisation environnementale, offrant formation et soutien aux acteurs du changement. La r\u00e9habilitation des \u00e9cosyst\u00e8mes d\u00e9grad\u00e9s et le renforcement du secteur agricole, \u00e9pine dorsale de l\u2019\u00e9conomie nationale, sont au c\u0153ur de ses priorit\u00e9s.<\/p>\t\t\t\t<\/div>\n\t\t\t\t<\/div>\n\t\t\t\t<div class=\"elementor-element elementor-element-7e1ffe03 elementor-widget elementor-widget-nacharity_basic_separator\" data-id=\"7e1ffe03\" data-element_type=\"widget\" data-e-type=\"widget\" data-widget_type=\"nacharity_basic_separator.default\">\n\t\t\t\t<div class=\"elementor-widget-container\">\n\t\t\t\t\t<div class=\"nacep-separator separator-left\"><span class=\"sep-left\"><\/span><div class=\"nacep-sep\">Liste des projets<\/div><span class=\"sep-right\"><\/span><\/div>\t\t\t\t<\/div>\n\t\t\t\t<\/div>\n\t\t\t\t<div class=\"elementor-element elementor-element-36be699 elementor-widget elementor-widget-nacharity_basic_blog\" data-id=\"36be699\" data-element_type=\"widget\" data-e-type=\"widget\" data-settings=\"{&quot;btn_icon&quot;:&quot;fa fa-long-arrow-right&quot;}\" data-widget_type=\"nacharity_basic_blog.default\">\n\t\t\t\t<div class=\"elementor-widget-container\">\n\t\t\t\t\t\t\t<div class=\"nacep-blog-wrap\">\n\t\t\t<div class=\"col-na-row\">\n\n\t\t\t\t\t\t<div class=\"col-na-6\">\n\t\t\t\t<div class=\"nacep-news-item no-img\">\n\t\t\t\t  \t\t\t\t  <div class=\"news-info nacep-item\">\n\t\t\t  \t\t\t\t\t\t  \t<ul class=\"news-meta\">\n\t\t\t\t  \t\t\t\t\t\t\t\t  \t<li class=\"news-cat\">\n\t\t\t\t\t\t\t    \t\t\t\t\t          <a href=\"https:\/\/hsurvie.org\/en\/category\/news\/\">Actualit\u00e9s<\/a>\n\t\t\t\t        \t\t\t\t\t\t          <a href=\"https:\/\/hsurvie.org\/en\/category\/projects\/\">Nos Projets<\/a>\n\t\t\t\t        \t\t\t\t\t        <\/li>\n\t\t\t    \t\t\t\t\t\t\t\t\t<li>August 4, 2024<\/li>\t\t\t\t\t\t<\/ul>\n\t\t\t\t    \t\t\t\t  \t<h3 class=\"news-title\"><a href=\"https:\/\/hsurvie.org\/en\/2024\/08\/04\/reponses-menees-par-les-communautes-rmc\/\">R\u00e9ponses men\u00e9es par les communaut\u00e9s (RMC)<\/a><\/h3>\n\t\t\t\t\t\t<p>Nos projets R\u00e9ponses men\u00e9es par les communaut\u00e9s (RMC) Le programme \u201cR\u00e9ponses men\u00e9es par les communaut\u00e9s (RMC)\u201d vise \u00e0 am\u00e9liorer les conditions de vie des populations vuln\u00e9rables en les aidant \u00e0 identifier et \u00e0 r\u00e9soudre les crises auxquelles elles font face, tout en renfor\u00e7ant leur r\u00e9silience aux crises futures gr\u00e2ce \u00e0 leur participation active. Ha\u00efti Survie, avec le soutien de Christian&#8230;<\/p>\n\t\t  \t\t\t<div class=\"nacep-btn-wrap\">\n\t\t  \t\t\t\t<a href=\"https:\/\/hsurvie.org\/en\/2024\/08\/04\/reponses-menees-par-les-communautes-rmc\/\" class=\"nacep-btn nacep-btn-sml\">En savoir plus <i class=\"fa fa-long-arrow-right\" aria-hidden=\"true\"><\/i><\/a>\n\t\t  \t\t\t<\/div>\n\t\t\t\t  <\/div>\n\t\t\t\t<\/div>\n\t\t\t<\/div>\n\t\t\t\t\t\t<div class=\"col-na-6\">\n\t\t\t\t<div class=\"nacep-news-item no-img\">\n\t\t\t\t  \t\t\t\t  <div class=\"news-info nacep-item\">\n\t\t\t  \t\t\t\t\t\t  \t<ul class=\"news-meta\">\n\t\t\t\t  \t\t\t\t\t\t\t\t  \t<li class=\"news-cat\">\n\t\t\t\t\t\t\t    \t\t\t\t\t          <a href=\"https:\/\/hsurvie.org\/en\/category\/news\/\">Actualit\u00e9s<\/a>\n\t\t\t\t        \t\t\t\t\t\t          <a href=\"https:\/\/hsurvie.org\/en\/category\/projects\/\">Nos Projets<\/a>\n\t\t\t\t        \t\t\t\t\t        <\/li>\n\t\t\t    \t\t\t\t\t\t\t\t\t<li>August 4, 2024<\/li>\t\t\t\t\t\t<\/ul>\n\t\t\t\t    \t\t\t\t  \t<h3 class=\"news-title\"><a href=\"https:\/\/hsurvie.org\/en\/2024\/08\/04\/programme-dintervention-durable-aupres-des-communautes-victimes-du-seisme-du-14-aout-2021-dans-le-sud\/\">Programme d&rsquo;intervention durable aupr\u00e8s des communaut\u00e9s victimes du s\u00e9isme du 14 Aout 2021 dans le Sud<\/a><\/h3>\n\t\t\t\t\t\t<p>Nos projets Programme d\u2019intervention durable aupr\u00e8s des communaut\u00e9s victimes du s\u00e9isme du 14 ao\u00fbt 2021 dans le d\u00e9partement du Sud d\u2019Haiti Ce projet de cr\u00e9ation de moyens d&rsquo;existence (livelyhood Phase I) financ\u00e9 par CA est un effort novateur visant \u00e0 stimuler la relance \u00e9conomique dans le sud d&rsquo;Ha\u00efti, \u00e0 la suite des destructions caus\u00e9es par le terrible tremblement de terre&#8230;<\/p>\n\t\t  \t\t\t<div class=\"nacep-btn-wrap\">\n\t\t  \t\t\t\t<a href=\"https:\/\/hsurvie.org\/en\/2024\/08\/04\/programme-dintervention-durable-aupres-des-communautes-victimes-du-seisme-du-14-aout-2021-dans-le-sud\/\" class=\"nacep-btn nacep-btn-sml\">En savoir plus <i class=\"fa fa-long-arrow-right\" aria-hidden=\"true\"><\/i><\/a>\n\t\t  \t\t\t<\/div>\n\t\t\t\t  <\/div>\n\t\t\t\t<\/div>\n\t\t\t<\/div>\n\t\t\t\t\t\t<\/div>\n\t\t  \t\t<\/div>\n\t  \t\t\t\t<\/div>\n\t\t\t\t<\/div>\n\t\t\t\t\t<\/div>\n\t\t<\/div>\n\t\t\t\t\t<\/div>\n\t\t<\/section>\n\t\t\t\t<\/div>\n\t\t","protected":false},"excerpt":{"rendered":"<p>Nos projets Haiti Survie est \u00e0 l\u2019avant-garde de la sensibilisation environnementale, offrant formation et soutien aux acteurs du changement. La r\u00e9habilitation des \u00e9cosyst\u00e8mes d\u00e9grad\u00e9s et le renforcement du secteur agricole, \u00e9pine dorsale de l\u2019\u00e9conomie nationale, sont au c\u0153ur de ses priorit\u00e9s. Liste des projets Actualit\u00e9s Nos Projets ao\u00fbt 4, 2024 R\u00e9ponses men\u00e9es par les communaut\u00e9s (RMC) Nos projets R\u00e9ponses men\u00e9es&#8230;<\/p>","protected":false},"author":1,"featured_media":40,"parent":0,"menu_order":0,"comment_status":"closed","ping_status":"closed","template":"page-templates\/full-width.php","meta":{"footnotes":""},"class_list":["post-326","page","type-page","status-publish","has-post-thumbnail","hentry"],"_links":{"self":[{"href":"https:\/\/hsurvie.org\/en\/wp-json\/wp\/v2\/pages\/326","targetHints":{"allow":["GET"]}}],"collection":[{"href":"https:\/\/hsurvie.org\/en\/wp-json\/wp\/v2\/pages"}],"about":[{"href":"https:\/\/hsurvie.org\/en\/wp-json\/wp\/v2\/types\/page"}],"author":[{"embeddable":true,"href":"https:\/\/hsurvie.org\/en\/wp-json\/wp\/v2\/users\/1"}],"replies":[{"embeddable":true,"href":"https:\/\/hsurvie.org\/en\/wp-json\/wp\/v2\/comments?post=326"}],"version-history":[{"count":7,"href":"https:\/\/hsurvie.org\/en\/wp-json\/wp\/v2\/pages\/326\/revisions"}],"predecessor-version":[{"id":363,"href":"https:\/\/hsurvie.org\/en\/wp-json\/wp\/v2\/pages\/326\/revisions\/363"}],"wp:featuredmedia":[{"embeddable":true,"href":"https:\/\/hsurvie.org\/en\/wp-json\/wp\/v2\/media\/40"}],"wp:attachment":[{"href":"https:\/\/hsurvie.org\/en\/wp-json\/wp\/v2\/media?parent=326"}],"curies":[{"name":"wp","href":"https:\/\/api.w.org\/{rel}","templated":true}]}}